{"id":1715,"date":"2025-04-15T22:21:08","date_gmt":"2025-04-15T17:21:08","guid":{"rendered":"https:\/\/campalora.net\/home-2\/"},"modified":"2025-04-16T06:24:43","modified_gmt":"2025-04-16T01:24:43","slug":"home-2","status":"publish","type":"page","link":"https:\/\/campalora.net\/es\/","title":{"rendered":"Inicio"},"content":{"rendered":"<div data-elementor-type=\"wp-page\" data-elementor-id=\"1715\" class=\"elementor elementor-1715\" data-elementor-post-type=\"page\">\n\t\t\t\t<div class=\"elementor-element elementor-element-9783628 e-flex e-con-boxed e-con e-parent\" data-id=\"9783628\" data-element_type=\"container\" data-settings=\"{&quot;background_background&quot;:&quot;classic&quot;}\">\n\t\t\t\t\t<div class=\"e-con-inner\">\n\t\t<div class=\"elementor-element elementor-element-05ba369 e-con-full e-flex e-con e-child\" data-id=\"05ba369\" data-element_type=\"container\">\n\t\t\t\t<div class=\"elementor-element elementor-element-5117318 elementor-widget elementor-widget-spacer\" data-id=\"5117318\" data-element_type=\"widget\" data-widget_type=\"spacer.default\">\n\t\t\t\t<div class=\"elementor-widget-container\">\n\t\t\t\t\t\t\t<div class=\"elementor-spacer\">\n\t\t\t<div class=\"elementor-spacer-inner\"><\/div>\n\t\t<\/div>\n\t\t\t\t\t\t<\/div>\n\t\t\t\t<\/div>\n\t\t\t\t<div class=\"elementor-element elementor-element-936a3d8 elementor-widget elementor-widget-heading\" data-id=\"936a3d8\" data-element_type=\"widget\" data-widget_type=\"heading.default\">\n\t\t\t\t<div class=\"elementor-widget-container\">\n\t\t\t\t\t<h1 class=\"elementor-heading-title elementor-size-default\"><font style=\"vertical-align: inherit\"><\/font><font style=\"vertical-align: inherit\"><font style=\"vertical-align: inherit\">Pitahaya<\/font><\/font><\/h1>\t\t\t\t<\/div>\n\t\t\t\t<\/div>\n\t\t\t\t<div class=\"elementor-element elementor-element-c861921 elementor-widget elementor-widget-heading\" data-id=\"c861921\" data-element_type=\"widget\" data-widget_type=\"heading.default\">\n\t\t\t\t<div class=\"elementor-widget-container\">\n\t\t\t\t\t<h2 class=\"elementor-heading-title elementor-size-default\">desde el coraz\u00f3n de Palora<\/h2>\t\t\t\t<\/div>\n\t\t\t\t<\/div>\n\t\t\t\t<div class=\"elementor-element elementor-element-0e8694a elementor-align-center elementor-widget elementor-widget-button\" data-id=\"0e8694a\" data-element_type=\"widget\" data-widget_type=\"button.default\">\n\t\t\t\t<div class=\"elementor-widget-container\">\n\t\t\t\t\t\t\t\t\t<div class=\"elementor-button-wrapper\">\n\t\t\t\t\t<a class=\"elementor-button elementor-button-link elementor-size-sm\" href=\"#\">\n\t\t\t\t\t\t<span class=\"elementor-button-content-wrapper\">\n\t\t\t\t\t\t\t\t\t<span class=\"elementor-button-text\">Explorar<\/span>\n\t\t\t\t\t<\/span>\n\t\t\t\t\t<\/a>\n\t\t\t\t<\/div>\n\t\t\t\t\t\t\t\t<\/div>\n\t\t\t\t<\/div>\n\t\t\t\t<\/div>\n\t\t\t\t\t<\/div>\n\t\t\t\t<\/div>\n\t\t<div class=\"elementor-element elementor-element-dc4d543 e-flex e-con-boxed e-con e-parent\" data-id=\"dc4d543\" data-element_type=\"container\">\n\t\t\t\t\t<div class=\"e-con-inner\">\n\t\t<div class=\"elementor-element elementor-element-37f0b92 e-con-full e-flex e-con e-child\" data-id=\"37f0b92\" data-element_type=\"container\">\n\t\t\t\t<div class=\"elementor-element elementor-element-b82a2ca elementor-widget elementor-widget-image\" data-id=\"b82a2ca\" data-element_type=\"widget\" data-widget_type=\"image.default\">\n\t\t\t\t<div class=\"elementor-widget-container\">\n\t\t\t\t\t\t\t\t\t\t\t\t\t\t\t<img fetchpriority=\"high\" decoding=\"async\" width=\"2048\" height=\"2560\" src=\"https:\/\/campalora.net\/wp-content\/uploads\/2025\/04\/DSC07343-scaled.jpg\" class=\"attachment-full size-full wp-image-1819\" alt=\"\" srcset=\"https:\/\/campalora.net\/wp-content\/uploads\/2025\/04\/DSC07343-scaled.jpg 2048w, https:\/\/campalora.net\/wp-content\/uploads\/2025\/04\/DSC07343-240x300.jpg 240w, https:\/\/campalora.net\/wp-content\/uploads\/2025\/04\/DSC07343-819x1024.jpg 819w, https:\/\/campalora.net\/wp-content\/uploads\/2025\/04\/DSC07343-768x960.jpg 768w, https:\/\/campalora.net\/wp-content\/uploads\/2025\/04\/DSC07343-1229x1536.jpg 1229w\" sizes=\"(max-width: 2048px) 100vw, 2048px\" \/>\t\t\t\t\t\t\t\t\t\t\t\t\t\t\t<\/div>\n\t\t\t\t<\/div>\n\t\t\t\t<div class=\"elementor-element elementor-element-d8fd14a elementor-widget elementor-widget-heading\" data-id=\"d8fd14a\" data-element_type=\"widget\" data-widget_type=\"heading.default\">\n\t\t\t\t<div class=\"elementor-widget-container\">\n\t\t\t\t\t<h4 class=\"elementor-heading-title elementor-size-default\">Nuestro Producto<\/h4>\t\t\t\t<\/div>\n\t\t\t\t<\/div>\n\t\t\t\t<div class=\"elementor-element elementor-element-dcf4cd7 elementor-widget elementor-widget-text-editor\" data-id=\"dcf4cd7\" data-element_type=\"widget\" data-widget_type=\"text-editor.default\">\n\t\t\t\t<div class=\"elementor-widget-container\">\n\t\t\t\t\t\t\t\t\t<p class=\"\" data-start=\"61\" data-end=\"153\">Pitahaya amarilla de primera calidad, cultivada en la dulce Palora, fresca y lista para la exportaci\u00f3n.<\/p>\t\t\t\t\t\t\t\t<\/div>\n\t\t\t\t<\/div>\n\t\t\t\t<\/div>\n\t\t<div class=\"elementor-element elementor-element-781bb8f e-con-full e-flex e-con e-child\" data-id=\"781bb8f\" data-element_type=\"container\">\n\t\t\t\t<div class=\"elementor-element elementor-element-f9ec8cb elementor-widget elementor-widget-image\" data-id=\"f9ec8cb\" data-element_type=\"widget\" data-widget_type=\"image.default\">\n\t\t\t\t<div class=\"elementor-widget-container\">\n\t\t\t\t\t\t\t\t\t\t\t\t\t\t\t<img decoding=\"async\" src=\"https:\/\/campalora.net\/wp-content\/uploads\/elementor\/thumbs\/DSC07325-scaled-r4f23f9zu5hnq4a6va38edny8g8ex1y2xwzuouyft0.jpg\" title=\"DSC07325\" alt=\"DSC07325\" loading=\"lazy\" \/>\t\t\t\t\t\t\t\t\t\t\t\t\t\t\t<\/div>\n\t\t\t\t<\/div>\n\t\t\t\t<div class=\"elementor-element elementor-element-d2fecca elementor-widget elementor-widget-heading\" data-id=\"d2fecca\" data-element_type=\"widget\" data-widget_type=\"heading.default\">\n\t\t\t\t<div class=\"elementor-widget-container\">\n\t\t\t\t\t<h4 class=\"elementor-heading-title elementor-size-default\">Acerca de nosotros<\/h4>\t\t\t\t<\/div>\n\t\t\t\t<\/div>\n\t\t\t\t<div class=\"elementor-element elementor-element-b89b372 elementor-widget elementor-widget-text-editor\" data-id=\"b89b372\" data-element_type=\"widget\" data-widget_type=\"text-editor.default\">\n\t\t\t\t<div class=\"elementor-widget-container\">\n\t\t\t\t\t\t\t\t\t<p class=\"\" data-start=\"94\" data-end=\"244\">Desde el coraz\u00f3n de Palora, cultivamos con pasi\u00f3n la pitahaya amarilla m\u00e1s dulce, llevando el sabor de nuestra tierra a los mercados de todo el mundo.<\/p>\t\t\t\t\t\t\t\t<\/div>\n\t\t\t\t<\/div>\n\t\t\t\t<\/div>\n\t\t<div class=\"elementor-element elementor-element-bd4315a e-con-full e-flex e-con e-child\" data-id=\"bd4315a\" data-element_type=\"container\">\n\t\t\t\t<div class=\"elementor-element elementor-element-e34e69c elementor-widget__width-initial elementor-widget elementor-widget-image\" data-id=\"e34e69c\" data-element_type=\"widget\" data-widget_type=\"image.default\">\n\t\t\t\t<div class=\"elementor-widget-container\">\n\t\t\t\t\t\t\t\t\t\t\t\t\t\t\t<img decoding=\"async\" src=\"https:\/\/campalora.net\/wp-content\/uploads\/elementor\/thumbs\/20240701_082107-r4eomsnkyda13ch06z0uy11h87xbydzt1etnnn28zq.jpg\" title=\"20240701_082107\" alt=\"trabajadores\" loading=\"lazy\" \/>\t\t\t\t\t\t\t\t\t\t\t\t\t\t\t<\/div>\n\t\t\t\t<\/div>\n\t\t\t\t<div class=\"elementor-element elementor-element-956f5b9 elementor-widget elementor-widget-heading\" data-id=\"956f5b9\" data-element_type=\"widget\" data-widget_type=\"heading.default\">\n\t\t\t\t<div class=\"elementor-widget-container\">\n\t\t\t\t\t<h4 class=\"elementor-heading-title elementor-size-default\">Responsabiliadad Social<\/h4>\t\t\t\t<\/div>\n\t\t\t\t<\/div>\n\t\t\t\t<div class=\"elementor-element elementor-element-18dcf8d elementor-widget elementor-widget-text-editor\" data-id=\"18dcf8d\" data-element_type=\"widget\" data-widget_type=\"text-editor.default\">\n\t\t\t\t<div class=\"elementor-widget-container\">\n\t\t\t\t\t\t\t\t\t<p>Cultivamos pitahaya amarilla con compromiso social, generando empleo local y cuidando nuestra tierra en cada etapa del proceso.<\/p>\t\t\t\t\t\t\t\t<\/div>\n\t\t\t\t<\/div>\n\t\t\t\t<\/div>\n\t\t\t\t\t<\/div>\n\t\t\t\t<\/div>\n\t\t<div class=\"elementor-element elementor-element-79c45e3 e-flex e-con-boxed e-con e-parent\" data-id=\"79c45e3\" data-element_type=\"container\">\n\t\t\t\t\t<div class=\"e-con-inner\">\n\t\t<div class=\"elementor-element elementor-element-e5856a5 e-con-full e-flex e-con e-child\" data-id=\"e5856a5\" data-element_type=\"container\">\n\t\t\t\t<div class=\"elementor-element elementor-element-730927d elementor-widget elementor-widget-heading\" data-id=\"730927d\" data-element_type=\"widget\" data-widget_type=\"heading.default\">\n\t\t\t\t<div class=\"elementor-widget-container\">\n\t\t\t\t\t<h2 class=\"elementor-heading-title elementor-size-default\">Acerca de nosotros<\/h2>\t\t\t\t<\/div>\n\t\t\t\t<\/div>\n\t\t\t\t<div class=\"elementor-element elementor-element-76c64fc elementor-widget elementor-widget-text-editor\" data-id=\"76c64fc\" data-element_type=\"widget\" data-widget_type=\"text-editor.default\">\n\t\t\t\t<div class=\"elementor-widget-container\">\n\t\t\t\t\t\t\t\t\t<p>Somos una empresa especializada en la gesti\u00f3n integral de granjas de pitahaya amarilla, con especial atenci\u00f3n a la maximizaci\u00f3n de la productividad, la sostenibilidad y la calidad de la fruta.<\/p><p>\u00a0<\/p><p>Supervisamos todas las fases del proceso, desde el cultivo en el campo hasta la log\u00edstica internacional, garantizando que cada finca cumpla las normas de calidad m\u00e1s estrictas que exigen los mercados mundiales.<\/p>\t\t\t\t\t\t\t\t<\/div>\n\t\t\t\t<\/div>\n\t\t\t\t<\/div>\n\t\t<div class=\"elementor-element elementor-element-52da0ea e-con-full e-flex e-con e-child\" data-id=\"52da0ea\" data-element_type=\"container\">\n\t\t\t\t<div class=\"elementor-element elementor-element-5ee262f elementor-widget elementor-widget-image\" data-id=\"5ee262f\" data-element_type=\"widget\" data-widget_type=\"image.default\">\n\t\t\t\t<div class=\"elementor-widget-container\">\n\t\t\t\t\t\t\t\t\t\t\t\t\t\t\t<img decoding=\"async\" width=\"1024\" height=\"768\" src=\"https:\/\/campalora.net\/wp-content\/uploads\/2025\/04\/IMG_3296-1024x768.jpg\" class=\"attachment-large size-large wp-image-1821\" alt=\"meeting\" srcset=\"https:\/\/campalora.net\/wp-content\/uploads\/2025\/04\/IMG_3296-1024x768.jpg 1024w, https:\/\/campalora.net\/wp-content\/uploads\/2025\/04\/IMG_3296-300x225.jpg 300w, https:\/\/campalora.net\/wp-content\/uploads\/2025\/04\/IMG_3296-768x576.jpg 768w, https:\/\/campalora.net\/wp-content\/uploads\/2025\/04\/IMG_3296-1536x1152.jpg 1536w, https:\/\/campalora.net\/wp-content\/uploads\/2025\/04\/IMG_3296-2048x1536.jpg 2048w\" sizes=\"(max-width: 1024px) 100vw, 1024px\" \/>\t\t\t\t\t\t\t\t\t\t\t\t\t\t\t<\/div>\n\t\t\t\t<\/div>\n\t\t\t\t<\/div>\n\t\t\t\t\t<\/div>\n\t\t\t\t<\/div>\n\t\t<div class=\"elementor-element elementor-element-7a7b871 e-flex e-con-boxed e-con e-parent\" data-id=\"7a7b871\" data-element_type=\"container\" data-settings=\"{&quot;background_background&quot;:&quot;classic&quot;}\">\n\t\t\t\t\t<div class=\"e-con-inner\">\n\t\t<div class=\"elementor-element elementor-element-e29a3fa e-con-full e-flex e-con e-child\" data-id=\"e29a3fa\" data-element_type=\"container\">\n\t\t\t\t<div class=\"elementor-element elementor-element-ba46944 elementor-widget elementor-widget-heading\" data-id=\"ba46944\" data-element_type=\"widget\" data-widget_type=\"heading.default\">\n\t\t\t\t<div class=\"elementor-widget-container\">\n\t\t\t\t\t<h2 class=\"elementor-heading-title elementor-size-default\">M\u00e1s informaci\u00f3n<\/h2>\t\t\t\t<\/div>\n\t\t\t\t<\/div>\n\t\t\t\t<div class=\"elementor-element elementor-element-8e24a9a elementor-widget elementor-widget-text-editor\" data-id=\"8e24a9a\" data-element_type=\"widget\" data-widget_type=\"text-editor.default\">\n\t\t\t\t<div class=\"elementor-widget-container\">\n\t\t\t\t\t\t\t\t\t<p>Estamos siempre disponibles para discutir oportunidades de compra, requisitos de exportaci\u00f3n, vol\u00famenes disponibles y c\u00f3mo podemos ser su socio de confianza en el suministro directo desde nuestras granjas en Ecuador.<\/p>\t\t\t\t\t\t\t\t<\/div>\n\t\t\t\t<\/div>\n\t\t\t\t<div class=\"elementor-element elementor-element-491d02f elementor-align-center elementor-widget elementor-widget-button\" data-id=\"491d02f\" data-element_type=\"widget\" data-widget_type=\"button.default\">\n\t\t\t\t<div class=\"elementor-widget-container\">\n\t\t\t\t\t\t\t\t\t<div class=\"elementor-button-wrapper\">\n\t\t\t\t\t<a class=\"elementor-button elementor-button-link elementor-size-sm\" href=\"#\">\n\t\t\t\t\t\t<span class=\"elementor-button-content-wrapper\">\n\t\t\t\t\t\t\t\t\t<span class=\"elementor-button-text\">Cont\u00e1ctanos<\/span>\n\t\t\t\t\t<\/span>\n\t\t\t\t\t<\/a>\n\t\t\t\t<\/div>\n\t\t\t\t\t\t\t\t<\/div>\n\t\t\t\t<\/div>\n\t\t\t\t<\/div>\n\t\t\t\t\t<\/div>\n\t\t\t\t<\/div>\n\t\t\t\t<\/div>","protected":false},"excerpt":{"rendered":"<p>Pitahaya from the heart of Palora Explore Our product Premium yellow pitahaya, grown in sweet Palora, fresh and ready for export. About us From the heart of Palora, we passionately cultivate the sweetest yellow pitahaya, bringing the flavor of our land to markets around the world. Social Responsibility We grow yellow pitahaya with social commitment, [&hellip;]<\/p>","protected":false},"author":2,"featured_media":0,"parent":0,"menu_order":0,"comment_status":"closed","ping_status":"closed","template":"","meta":{"site-sidebar-layout":"no-sidebar","site-content-layout":"page-builder","ast-site-content-layout":"","site-content-style":"default","site-sidebar-style":"default","ast-global-header-display":"","ast-banner-title-visibility":"","ast-main-header-display":"","ast-hfb-above-header-display":"","ast-hfb-below-header-display":"","ast-hfb-mobile-header-display":"","site-post-title":"disabled","ast-breadcrumbs-content":"","ast-featured-img":"disabled","footer-sml-layout":"","theme-transparent-header-meta":"enabled","adv-header-id-meta":"","stick-header-meta":"","header-above-stick-meta":"","header-main-stick-meta":"","header-below-stick-meta":"","astra-migrate-meta-layouts":"default","ast-page-background-enabled":"default","ast-page-background-meta":{"desktop":{"background-color":"var(--ast-global-color-4)","background-image":"","background-repeat":"repeat","background-position":"center center","background-size":"auto","background-attachment":"scroll","background-type":"","background-media":"","overlay-type":"","overlay-color":"","overlay-opacity":"","overlay-gradient":""},"tablet":{"background-color":"","background-image":"","background-repeat":"repeat","background-position":"center center","background-size":"auto","background-attachment":"scroll","background-type":"","background-media":"","overlay-type":"","overlay-color":"","overlay-opacity":"","overlay-gradient":""},"mobile":{"background-color":"","background-image":"","background-repeat":"repeat","background-position":"center center","background-size":"auto","background-attachment":"scroll","background-type":"","background-media":"","overlay-type":"","overlay-color":"","overlay-opacity":"","overlay-gradient":""}},"ast-content-background-meta":{"desktop":{"background-color":"var(--ast-global-color-5)","background-image":"","background-repeat":"repeat","background-position":"center center","background-size":"auto","background-attachment":"scroll","background-type":"","background-media":"","overlay-type":"","overlay-color":"","overlay-opacity":"","overlay-gradient":""},"tablet":{"background-color":"var(--ast-global-color-5)","background-image":"","background-repeat":"repeat","background-position":"center center","background-size":"auto","background-attachment":"scroll","background-type":"","background-media":"","overlay-type":"","overlay-color":"","overlay-opacity":"","overlay-gradient":""},"mobile":{"background-color":"var(--ast-global-color-5)","background-image":"","background-repeat":"repeat","background-position":"center center","background-size":"auto","background-attachment":"scroll","background-type":"","background-media":"","overlay-type":"","overlay-color":"","overlay-opacity":"","overlay-gradient":""}},"footnotes":""},"class_list":["post-1715","page","type-page","status-publish","hentry"],"aioseo_notices":[],"_links":{"self":[{"href":"https:\/\/campalora.net\/es\/wp-json\/wp\/v2\/pages\/1715","targetHints":{"allow":["GET"]}}],"collection":[{"href":"https:\/\/campalora.net\/es\/wp-json\/wp\/v2\/pages"}],"about":[{"href":"https:\/\/campalora.net\/es\/wp-json\/wp\/v2\/types\/page"}],"author":[{"embeddable":true,"href":"https:\/\/campalora.net\/es\/wp-json\/wp\/v2\/users\/2"}],"replies":[{"embeddable":true,"href":"https:\/\/campalora.net\/es\/wp-json\/wp\/v2\/comments?post=1715"}],"version-history":[{"count":9,"href":"https:\/\/campalora.net\/es\/wp-json\/wp\/v2\/pages\/1715\/revisions"}],"predecessor-version":[{"id":1865,"href":"https:\/\/campalora.net\/es\/wp-json\/wp\/v2\/pages\/1715\/revisions\/1865"}],"wp:attachment":[{"href":"https:\/\/campalora.net\/es\/wp-json\/wp\/v2\/media?parent=1715"}],"curies":[{"name":"wp","href":"https:\/\/api.w.org\/{rel}","templated":true}]}}